{"id":1196,"date":"2025-07-23T08:39:22","date_gmt":"2025-07-23T11:39:22","guid":{"rendered":"https:\/\/centros.uepb.edu.br\/ccaa\/?page_id=1196"},"modified":"2025-07-23T10:22:33","modified_gmt":"2025-07-23T13:22:33","slug":"biblioteca-setorial","status":"publish","type":"page","link":"https:\/\/centros.uepb.edu.br\/ccaa\/biblioteca-setorial\/","title":{"rendered":"Biblioteca Setorial"},"content":{"rendered":"<div class=\"wpb-content-wrapper\"><p>[vc_row][vc_column][vc_column_text css=&#8221;&#8221;]A <strong>Biblioteca Setorial Joaquim Vitoriano Pereira<\/strong> atende a comunidade universit\u00e1ria do Centro de Ci\u00eancias Agr\u00e1rias e Ambientais (CCAA) e Escola Agr\u00edcola Assis Chateaubriand &#8211; EACC em um espa\u00e7o f\u00edsico que se divide em 02 (dois) ambientes destinados ao atendimento das necessidades informacionais dos usu\u00e1rios. O primeiro ambiente possui guarda-volumes, balc\u00e3o de empr\u00e9stimo\/devolu\u00e7\u00e3o, um espa\u00e7o para processamento t\u00e9cnico, acervo geral, com livros, CDs e DVDs. O segundo ambiente \u00e9 destinado para estudo em grupo e individual, com cabines e mesas.<\/p>\n<p><strong>Equipe<\/strong><br \/>\nFernanda Mirelle &#8211; Bibliotec\u00e1ria<br \/>\nHelder Sampaio<br \/>\nOt\u00e1via Montini<\/p>\n<p><strong>Contato<\/strong><br \/>\nbiblioteca.campus2@setor.uepb.edu.br[\/vc_column_text][\/vc_column][\/vc_row]<\/p>\n<\/div>","protected":false},"excerpt":{"rendered":"<p>[vc_row][vc_column][vc_column_text css=&#8221;&#8221;]A Biblioteca Setorial Joaquim Vitoriano Pereira atende a comunidade universit\u00e1ria do Centro de Ci\u00eancias Agr\u00e1rias e Ambientais (CCAA) e Escola Agr\u00edcola Assis Chateaubriand &#8211; EACC em um espa\u00e7o f\u00edsico que se divide em 02 (dois) ambientes destinados ao atendimento das necessidades informacionais dos usu\u00e1rios. O primeiro ambiente possui guarda-volumes, balc\u00e3o de empr\u00e9stimo\/devolu\u00e7\u00e3o, um espa\u00e7o <a class=\"leiamais\" href=\"https:\/\/centros.uepb.edu.br\/ccaa\/biblioteca-setorial\/\">Leia Mais&#8230;<\/a><\/p>\n","protected":false},"author":68,"featured_media":0,"parent":0,"menu_order":0,"comment_status":"closed","ping_status":"closed","template":"","meta":{"footnotes":""},"class_list":["post-1196","page","type-page","status-publish","hentry"],"jetpack_sharing_enabled":true,"jetpack_shortlink":"https:\/\/wp.me\/P7WTGC-ji","_links":{"self":[{"href":"https:\/\/centros.uepb.edu.br\/ccaa\/wp-json\/wp\/v2\/pages\/1196","targetHints":{"allow":["GET"]}}],"collection":[{"href":"https:\/\/centros.uepb.edu.br\/ccaa\/wp-json\/wp\/v2\/pages"}],"about":[{"href":"https:\/\/centros.uepb.edu.br\/ccaa\/wp-json\/wp\/v2\/types\/page"}],"author":[{"embeddable":true,"href":"https:\/\/centros.uepb.edu.br\/ccaa\/wp-json\/wp\/v2\/users\/68"}],"replies":[{"embeddable":true,"href":"https:\/\/centros.uepb.edu.br\/ccaa\/wp-json\/wp\/v2\/comments?post=1196"}],"version-history":[{"count":0,"href":"https:\/\/centros.uepb.edu.br\/ccaa\/wp-json\/wp\/v2\/pages\/1196\/revisions"}],"wp:attachment":[{"href":"https:\/\/centros.uepb.edu.br\/ccaa\/wp-json\/wp\/v2\/media?parent=1196"}],"curies":[{"name":"wp","href":"https:\/\/api.w.org\/{rel}","templated":true}]}}