{"id":106,"date":"2016-04-27T10:08:24","date_gmt":"2016-04-27T13:08:24","guid":{"rendered":"https:\/\/centros.uepb.edu.br\/ccaa\/?page_id=106"},"modified":"2026-04-08T13:30:55","modified_gmt":"2026-04-08T16:30:55","slug":"direcao","status":"publish","type":"page","link":"https:\/\/centros.uepb.edu.br\/ccaa\/direcao\/","title":{"rendered":"Dire\u00e7\u00e3o"},"content":{"rendered":"<div class=\"wpb-content-wrapper\"><p>[vc_row][vc_column][vc_column_text css=&#8221;&#8221;]<\/p>\n<h4 style=\"text-align: left\"><strong>Dire\u00e7\u00e3o do Centro de Ci\u00eancia Agr\u00e1rias e Ambientais &#8211; CCAA<\/strong><\/h4>\n<p><strong>Diretor do Centro \u2013 CCAA<br \/>\n<\/strong>Prof\u00ba. Dr. Mario Sergio de Ara\u00fajo<br \/>\nE \u2013 mail: <a href=\"mailto:mariosergiodearaujo@servidor.uepb.edu.br\">mariosergiodearaujo@servidor.uepb.edu.br<\/a><br \/>\nS\u00edtio Imba\u00faba, s\/n \u2013 Zona Rural<br \/>\nLagoa Seca-PB . Cep: 58.117-000<br \/>\nCelular: (83) 9 9996-5966<\/p>\n<p><strong>Diretor Adjunto do Centro \u2013 CCAA<br \/>\n<\/strong>Prof\u00ba. Dr. Fabio Agra de Medeiros N\u00e1poles<br \/>\nE \u2013 mail: <a href=\"fabioagramedeiros@servidor.uepb.edu.br\">fabioagramedeiros@servidor.uepb.edu.br<\/a><br \/>\nS\u00edtio Imba\u00faba, s\/n \u2013 Zona Rural<br \/>\nLagoa Seca-PB. Cep: 58.117-000<br \/>\nCelular: (83) 9 98759-4779<\/p>\n<p>&nbsp;<\/p>\n<h4 style=\"text-align: left\"><strong>Dire\u00e7\u00e3o da Escola Agr\u00edcola Assis Chateaubriand \u2013 EAAC<\/strong><\/h4>\n<p><strong>Diretor da Escola Agr\u00edcola Assis Chateaubriand \u2013 EAAC<\/strong><strong><br \/>\n<\/strong>Prof\u00ba. Msc. Alde Cleber de Lima Silva<br \/>\nE-mail: <a href=\"mailto:alde.cleber@servidor.uepb.edu.br\">alde.cleber@servidor.uepb.edu.br<\/a><br \/>\nS\u00edtio Imba\u00faba, s\/n \u2013 Zona Rural<br \/>\nLagoa Seca-PB. Cep: 58.117-000<br \/>\nCelular: (83) 9 9911-1520<\/p>\n<p><strong>Diretor Adjunto da Escola Agr\u00edcola Assis Chateaubriand \u2013 EAAC<br \/>\n<\/strong>Prof\u00aa. Msc. Maria do Socorro Duarte Bezerra<br \/>\nE-mail: <a href=\"mailto:socorroduarte@servidor.uepb.edu.br\">socorroduarte@servidor.uepb.edu.br<\/a><br \/>\nS\u00edtio Imba\u00faba, s\/n \u2013 Zona Rural<br \/>\nLagoa Seca-PB. Cep: 58.117-000<br \/>\nCelular: (83) 9 99188-0595<\/p>\n<p>&nbsp;<\/p>\n<h4 style=\"text-align: left\"><strong>Coordena\u00e7\u00f5es e Chefia de Departamento<\/strong><\/h4>\n<p><strong>Chefe de Departamento<br \/>\n<\/strong>Prof. Dr\u00aa. Patr\u00edcia Maria de Ara\u00fajo Gomes<br \/>\nE-mail: <a href=\"mailto:patriciagomes@servidor.uepb.edu.br\">patriciagomes@servidor.uepb.edu.br<\/a><br \/>\nS\u00edtio Imba\u00faba, s\/n \u2013 Zona Rural<br \/>\nLagoa Seca-PB . Cep : 58.117-000<br \/>\nCelular: (83) 9 98852-9798<\/p>\n<p><strong>Chefe Adjunto de Departamento<br \/>\n<\/strong>Prof\u00aa. Dr\u00aa. Maria Vitoria Dias Carneiro<br \/>\nE- mail:<a href=\"mailto:vtrmdias@servidor.uepb.edu.br\"> vtrmdias@servidor.uepb.edu.br<\/a><br \/>\nS\u00edtio Imba\u00faba, s\/n \u2013 Zona Rural<br \/>\nLagoa Seca-PB . Cep: 58.117-000<br \/>\nCelular: (83) 9 99635-2141<\/p>\n<p><strong>Coordena\u00e7\u00e3o do Curso Bacharelado em Agronomia<\/strong><br \/>\nProf\u00ba. Dr. Leandro Oliveira Andrade<br \/>\nE-mail: <a href=\"mailto:leandro@servidor.uepb.edu.br\">leandro@servidor.uepb.edu.br<\/a><br \/>\nS\u00edtio Imba\u00faba, s\/n \u2013 Zona Rural<br \/>\nLagoa Seca-PB . Cep : 58.117-000<br \/>\nCelular: (83) 99964-2425<\/p>\n<p><strong>Coord. Adjunto de Curso Bacharelado em Agronomia<br \/>\n<\/strong>Prof\u00ba. Dr. Rener Luciano de Souza Ferraz<br \/>\nE-mail: <a href=\"mailto:rener.ferraz@servidor.uepb.edu.br\">rener.ferraz@servidor.uepb.edu.br<\/a><br \/>\nS\u00edtio Imba\u00faba, s\/n \u2013 Zona Rural<br \/>\nLagoa Seca-PB . Cep : 58.117-000<br \/>\nCelular: (83) 99619-3860<\/p>\n<p><strong>Coordenador do Curso T\u00e9cnico em Agroind\u00fastria<\/strong><br \/>\nProf\u00aa. Dra. Deise Souza de Castro<br \/>\nE-mail: <a href=\"mailto:deise.castro@servidor.uepb.edu.br\">deise.castro@servidor.uepb.edu.br<\/a><br \/>\nS\u00edtio Imba\u00faba, s\/n \u2013 Zona Rural<br \/>\nLagoa Seca-PB . Cep : 58.117-000<br \/>\nCelular: (83) 99675-1049<\/p>\n<p><strong>Coordenador do Curso T\u00e9cnico em Agropecu\u00e1ria<\/strong><br \/>\nProf\u00aa. Dr. Maiza Ara\u00fajo Cord\u00e3o<br \/>\nE-mail: <a href=\"mailto:maiza.cordao@servidor.uepb.edu.br\">maiza.cordao@servidor.uepb.edu.br<\/a><br \/>\nS\u00edtio Imba\u00faba, s\/n \u2013 Zona Rural<br \/>\nLagoa Seca-PB . Cep : 58.117-000<br \/>\nCelular: (83) 99903-3926[\/vc_column_text][\/vc_column][\/vc_row]<\/p>\n<\/div>","protected":false},"excerpt":{"rendered":"<p>[vc_row][vc_column][vc_column_text css=&#8221;&#8221;] Dire\u00e7\u00e3o do Centro de Ci\u00eancia Agr\u00e1rias e Ambientais &#8211; CCAA Diretor do Centro \u2013 CCAA Prof\u00ba. Dr. Mario Sergio de Ara\u00fajo E \u2013 mail: mariosergiodearaujo@servidor.uepb.edu.br S\u00edtio Imba\u00faba, s\/n \u2013 Zona Rural Lagoa Seca-PB . Cep: 58.117-000 Celular: (83) 9 9996-5966 Diretor Adjunto do Centro \u2013 CCAA Prof\u00ba. Dr. Fabio Agra de Medeiros N\u00e1poles <a class=\"leiamais\" href=\"https:\/\/centros.uepb.edu.br\/ccaa\/direcao\/\">Leia Mais&#8230;<\/a><\/p>\n","protected":false},"author":26,"featured_media":0,"parent":0,"menu_order":0,"comment_status":"closed","ping_status":"closed","template":"","meta":{"footnotes":""},"class_list":["post-106","page","type-page","status-publish","hentry"],"jetpack_sharing_enabled":true,"jetpack_shortlink":"https:\/\/wp.me\/P7WTGC-1I","_links":{"self":[{"href":"https:\/\/centros.uepb.edu.br\/ccaa\/wp-json\/wp\/v2\/pages\/106","targetHints":{"allow":["GET"]}}],"collection":[{"href":"https:\/\/centros.uepb.edu.br\/ccaa\/wp-json\/wp\/v2\/pages"}],"about":[{"href":"https:\/\/centros.uepb.edu.br\/ccaa\/wp-json\/wp\/v2\/types\/page"}],"author":[{"embeddable":true,"href":"https:\/\/centros.uepb.edu.br\/ccaa\/wp-json\/wp\/v2\/users\/26"}],"replies":[{"embeddable":true,"href":"https:\/\/centros.uepb.edu.br\/ccaa\/wp-json\/wp\/v2\/comments?post=106"}],"version-history":[{"count":1,"href":"https:\/\/centros.uepb.edu.br\/ccaa\/wp-json\/wp\/v2\/pages\/106\/revisions"}],"predecessor-version":[{"id":1266,"href":"https:\/\/centros.uepb.edu.br\/ccaa\/wp-json\/wp\/v2\/pages\/106\/revisions\/1266"}],"wp:attachment":[{"href":"https:\/\/centros.uepb.edu.br\/ccaa\/wp-json\/wp\/v2\/media?parent=106"}],"curies":[{"name":"wp","href":"https:\/\/api.w.org\/{rel}","templated":true}]}}